{"id":4556,"date":"2024-09-25T19:37:09","date_gmt":"2024-09-25T22:37:09","guid":{"rendered":"https:\/\/atelieguirocha.com.br\/produto\/construccion-de-carrera-por-el-dr-guilherme-rocha-2\/"},"modified":"2024-09-25T19:37:09","modified_gmt":"2024-09-25T22:37:09","slug":"construccion-de-carrera-por-el-dr-guilherme-rocha-2","status":"publish","type":"product","link":"https:\/\/atelieguirocha.com.br\/es\/produto\/construccion-de-carrera-por-el-dr-guilherme-rocha-2\/","title":{"rendered":"Construcci\u00f3n de carrera por el Dr. Guilherme Rocha"},"content":{"rendered":"<p>El curso &#8220;Construcci\u00f3n de Carrera en Odontolog\u00eda&#8221;, impartido por el Dr. Guilherme Rocha, ofrece una visi\u00f3n profunda y pr\u00e1ctica de los desaf\u00edos y oportunidades para desarrollar una carrera exitosa en odontolog\u00eda.<\/p>\n<p>Con base en la experiencia del Dr. Rocha, el curso abarca desde el inicio de su carrera profesional, superando obst\u00e1culos financieros y estructurales, hasta el establecimiento de una pr\u00e1ctica s\u00f3lida y reconocida en el mercado.<\/p>\n<p>Los estudiantes aprender\u00e1n sobre la importancia de la resiliencia, la innovaci\u00f3n y las estrategias para construir un portafolio exitoso, as\u00ed como conocimientos sobre marketing personal, redes y atenci\u00f3n al paciente de alto perfil.<\/p>\n<p>A lo largo de los m\u00f3dulos se tratar\u00e1n temas como el impacto de las redes sociales, la importancia de las referencias y la construcci\u00f3n de una pr\u00e1ctica \u00e9tica y de calidad.<\/p>\n<p>Este curso es ideal para aquellos que buscan no solo mejorar sus habilidades cl\u00ednicas, sino tambi\u00e9n fortalecer su presencia en el mercado dental, ya sea al comienzo de su carrera o buscando crecimiento.<\/p>\n","protected":false},"excerpt":{"rendered":"<p>El curso &#8220;Construcci\u00f3n de Carrera en Odontolog\u00eda&#8221;, impartido por el Dr. Guilherme Rocha, ofrece una visi\u00f3n profunda y<\/p>\n","protected":false},"featured_media":4147,"comment_status":"open","ping_status":"closed","template":"","meta":{"_eb_attr":"","_joinchat":[]},"product_brand":[],"product_cat":[63],"product_tag":[],"class_list":{"0":"post-4556","1":"product","2":"type-product","3":"status-publish","4":"has-post-thumbnail","6":"product_cat-todos-os-cursos-es","8":"first","9":"instock","10":"shipping-taxable","11":"product-type-simple"},"_links":{"self":[{"href":"https:\/\/atelieguirocha.com.br\/es\/wp-json\/wp\/v2\/product\/4556","targetHints":{"allow":["GET"]}}],"collection":[{"href":"https:\/\/atelieguirocha.com.br\/es\/wp-json\/wp\/v2\/product"}],"about":[{"href":"https:\/\/atelieguirocha.com.br\/es\/wp-json\/wp\/v2\/types\/product"}],"replies":[{"embeddable":true,"href":"https:\/\/atelieguirocha.com.br\/es\/wp-json\/wp\/v2\/comments?post=4556"}],"version-history":[{"count":0,"href":"https:\/\/atelieguirocha.com.br\/es\/wp-json\/wp\/v2\/product\/4556\/revisions"}],"wp:featuredmedia":[{"embeddable":true,"href":"https:\/\/atelieguirocha.com.br\/es\/wp-json\/wp\/v2\/media\/4147"}],"wp:attachment":[{"href":"https:\/\/atelieguirocha.com.br\/es\/wp-json\/wp\/v2\/media?parent=4556"}],"wp:term":[{"taxonomy":"product_brand","embeddable":true,"href":"https:\/\/atelieguirocha.com.br\/es\/wp-json\/wp\/v2\/product_brand?post=4556"},{"taxonomy":"product_cat","embeddable":true,"href":"https:\/\/atelieguirocha.com.br\/es\/wp-json\/wp\/v2\/product_cat?post=4556"},{"taxonomy":"product_tag","embeddable":true,"href":"https:\/\/atelieguirocha.com.br\/es\/wp-json\/wp\/v2\/product_tag?post=4556"}],"curies":[{"name":"wp","href":"https:\/\/api.w.org\/{rel}","templated":true}]}}