{"id":4397,"date":"2024-09-25T19:38:57","date_gmt":"2024-09-25T22:38:57","guid":{"rendered":"https:\/\/atelieguirocha.com.br\/produto\/estudio-de-caso-paciente-hellen-haas\/"},"modified":"2024-12-17T12:55:13","modified_gmt":"2024-12-17T15:55:13","slug":"estudio-de-caso-paciente-hellen-haas","status":"publish","type":"product","link":"https:\/\/atelieguirocha.com.br\/es\/produto\/estudio-de-caso-paciente-hellen-haas\/","title":{"rendered":"Estudio de caso: Paciente Hellen Haas"},"content":{"rendered":"<p>Este curso presenta un recorrido completo por el tratamiento dental de una paciente real, Ellen, desde la consulta inicial hasta el seguimiento final.<\/p>\n<p>Aborda t\u00e9cnicas avanzadas de colocaci\u00f3n de tratamientos provisionales y definitivos, destaca la importancia de la comunicaci\u00f3n multidisciplinar con los ceramistas y demuestra el impacto de un tratamiento bien planificado y ejecutado.<\/p>\n<p>Ideal para dentistas que desean mejorar sus habilidades en est\u00e9tica oral y rehabilitaci\u00f3n, el curso combina teor\u00eda y pr\u00e1ctica con un enfoque centrado en la excelencia cl\u00ednica.<\/p>\n","protected":false},"excerpt":{"rendered":"<p>Este curso presenta un recorrido completo por el tratamiento dental de una paciente real, Ellen, desde la consulta<\/p>\n","protected":false},"featured_media":4398,"comment_status":"open","ping_status":"closed","template":"","meta":{"_eb_attr":"","_joinchat":[]},"product_brand":[],"product_cat":[63],"product_tag":[],"class_list":{"0":"post-4397","1":"product","2":"type-product","3":"status-publish","4":"has-post-thumbnail","6":"product_cat-todos-os-cursos-es","8":"first","9":"instock","10":"sold-individually","11":"shipping-taxable","12":"purchasable","13":"product-type-simple"},"_links":{"self":[{"href":"https:\/\/atelieguirocha.com.br\/es\/wp-json\/wp\/v2\/product\/4397","targetHints":{"allow":["GET"]}}],"collection":[{"href":"https:\/\/atelieguirocha.com.br\/es\/wp-json\/wp\/v2\/product"}],"about":[{"href":"https:\/\/atelieguirocha.com.br\/es\/wp-json\/wp\/v2\/types\/product"}],"replies":[{"embeddable":true,"href":"https:\/\/atelieguirocha.com.br\/es\/wp-json\/wp\/v2\/comments?post=4397"}],"version-history":[{"count":2,"href":"https:\/\/atelieguirocha.com.br\/es\/wp-json\/wp\/v2\/product\/4397\/revisions"}],"predecessor-version":[{"id":4622,"href":"https:\/\/atelieguirocha.com.br\/es\/wp-json\/wp\/v2\/product\/4397\/revisions\/4622"}],"wp:featuredmedia":[{"embeddable":true,"href":"https:\/\/atelieguirocha.com.br\/es\/wp-json\/wp\/v2\/media\/4398"}],"wp:attachment":[{"href":"https:\/\/atelieguirocha.com.br\/es\/wp-json\/wp\/v2\/media?parent=4397"}],"wp:term":[{"taxonomy":"product_brand","embeddable":true,"href":"https:\/\/atelieguirocha.com.br\/es\/wp-json\/wp\/v2\/product_brand?post=4397"},{"taxonomy":"product_cat","embeddable":true,"href":"https:\/\/atelieguirocha.com.br\/es\/wp-json\/wp\/v2\/product_cat?post=4397"},{"taxonomy":"product_tag","embeddable":true,"href":"https:\/\/atelieguirocha.com.br\/es\/wp-json\/wp\/v2\/product_tag?post=4397"}],"curies":[{"name":"wp","href":"https:\/\/api.w.org\/{rel}","templated":true}]}}